{"id":130,"date":"2020-06-10T10:47:00","date_gmt":"2020-06-10T08:47:00","guid":{"rendered":"https:\/\/sunfactory.bosten-group.net\/?page_id=130"},"modified":"2022-10-20T10:36:03","modified_gmt":"2022-10-20T08:36:03","slug":"unternehmen","status":"publish","type":"page","link":"https:\/\/www.ema-energie.de\/de\/unternehmen\/","title":{"rendered":"Unternehmen"},"content":{"rendered":"\t\t<div data-elementor-type=\"wp-page\" data-elementor-id=\"130\" class=\"elementor elementor-130\" data-elementor-post-type=\"page\">\n\t\t\t\t\t\t<section class=\"elementor-section elementor-top-section elementor-element elementor-element-6dd73f4e elementor-section-full_width elementor-section-height-min-height elementor-section-items-stretch elementor-section-height-default\" data-id=\"6dd73f4e\" data-element_type=\"section\" data-e-type=\"section\" data-settings=\"{&quot;background_background&quot;:&quot;classic&quot;}\">\n\t\t\t\t\t\t<div class=\"elementor-container elementor-column-gap-no\">\n\t\t\t\t\t<div class=\"elementor-column elementor-col-100 elementor-top-column elementor-element elementor-element-36ae0fd7\" data-id=\"36ae0fd7\" data-element_type=\"column\" data-e-type=\"column\" data-settings=\"{&quot;background_background&quot;:&quot;classic&quot;}\">\n\t\t\t<div class=\"elementor-widget-wrap\">\n\t\t\t\t\t\t\t<\/div>\n\t\t<\/div>\n\t\t\t\t\t<\/div>\n\t\t<\/section>\n\t\t\t\t<section class=\"elementor-section elementor-top-section elementor-element elementor-element-ed3d083 elementor-section-boxed elementor-section-height-default elementor-section-height-default\" data-id=\"ed3d083\" data-element_type=\"section\" data-e-type=\"section\">\n\t\t\t\t\t\t<div class=\"elementor-container elementor-column-gap-wider\">\n\t\t\t\t\t<div class=\"elementor-column elementor-col-50 elementor-top-column elementor-element elementor-element-82c400f\" data-id=\"82c400f\" data-element_type=\"column\" data-e-type=\"column\">\n\t\t\t<div class=\"elementor-widget-wrap elementor-element-populated\">\n\t\t\t\t\t\t<div class=\"elementor-element elementor-element-78e3a42 elementor-widget elementor-widget-heading\" data-id=\"78e3a42\" data-element_type=\"widget\" data-e-type=\"widget\" data-widget_type=\"heading.default\">\n\t\t\t\t<div class=\"elementor-widget-container\">\n\t\t\t\t\t<h1 class=\"elementor-heading-title elementor-size-default\">\u00dcber EMA<\/h1>\t\t\t\t<\/div>\n\t\t\t\t<\/div>\n\t\t\t\t\t<\/div>\n\t\t<\/div>\n\t\t\t\t<div class=\"elementor-column elementor-col-50 elementor-top-column elementor-element elementor-element-7c055c8\" data-id=\"7c055c8\" data-element_type=\"column\" data-e-type=\"column\">\n\t\t\t<div class=\"elementor-widget-wrap elementor-element-populated\">\n\t\t\t\t\t\t<div class=\"elementor-element elementor-element-d9af93e elementor-widget elementor-widget-heading\" data-id=\"d9af93e\" data-element_type=\"widget\" data-e-type=\"widget\" data-widget_type=\"heading.default\">\n\t\t\t\t<div class=\"elementor-widget-container\">\n\t\t\t\t\t<h3 class=\"elementor-heading-title elementor-size-default\">Gesch\u00e4ftsf\u00fchrung<\/h3>\t\t\t\t<\/div>\n\t\t\t\t<\/div>\n\t\t\t\t<section class=\"elementor-section elementor-inner-section elementor-element elementor-element-1e4fb44 elementor-section-boxed elementor-section-height-default elementor-section-height-default\" data-id=\"1e4fb44\" data-element_type=\"section\" data-e-type=\"section\">\n\t\t\t\t\t\t<div class=\"elementor-container elementor-column-gap-default\">\n\t\t\t\t\t<div class=\"elementor-column elementor-col-50 elementor-inner-column elementor-element elementor-element-4b30c8a\" data-id=\"4b30c8a\" data-element_type=\"column\" data-e-type=\"column\">\n\t\t\t<div class=\"elementor-widget-wrap elementor-element-populated\">\n\t\t\t\t\t\t<div class=\"elementor-element elementor-element-10a1ab3 elementor-widget elementor-widget-image\" data-id=\"10a1ab3\" data-element_type=\"widget\" data-e-type=\"widget\" data-widget_type=\"image.default\">\n\t\t\t\t<div class=\"elementor-widget-container\">\n\t\t\t\t\t\t\t\t\t\t\t\t\t\t\t<img fetchpriority=\"high\" decoding=\"async\" width=\"800\" height=\"533\" src=\"https:\/\/www.ema-energie.de\/wp-content\/uploads\/sites\/6\/2022\/10\/HOP_2680-Bearbeitet-1024x682.jpg\" class=\"attachment-large size-large wp-image-1295\" alt=\"\" srcset=\"https:\/\/www.ema-energie.de\/wp-content\/uploads\/sites\/6\/2022\/10\/HOP_2680-Bearbeitet-1024x682.jpg 1024w, https:\/\/www.ema-energie.de\/wp-content\/uploads\/sites\/6\/2022\/10\/HOP_2680-Bearbeitet-300x200.jpg 300w, https:\/\/www.ema-energie.de\/wp-content\/uploads\/sites\/6\/2022\/10\/HOP_2680-Bearbeitet-768x511.jpg 768w, https:\/\/www.ema-energie.de\/wp-content\/uploads\/sites\/6\/2022\/10\/HOP_2680-Bearbeitet-1536x1022.jpg 1536w, https:\/\/www.ema-energie.de\/wp-content\/uploads\/sites\/6\/2022\/10\/HOP_2680-Bearbeitet.jpg 1600w\" sizes=\"(max-width: 800px) 100vw, 800px\" \/>\t\t\t\t\t\t\t\t\t\t\t\t\t\t\t<\/div>\n\t\t\t\t<\/div>\n\t\t\t\t\t<\/div>\n\t\t<\/div>\n\t\t\t\t<div class=\"elementor-column elementor-col-50 elementor-inner-column elementor-element elementor-element-c2255b2\" data-id=\"c2255b2\" data-element_type=\"column\" data-e-type=\"column\">\n\t\t\t<div class=\"elementor-widget-wrap elementor-element-populated\">\n\t\t\t\t\t\t<div class=\"elementor-element elementor-element-cdd27ae elementor-widget elementor-widget-text-editor\" data-id=\"cdd27ae\" data-element_type=\"widget\" data-e-type=\"widget\" data-widget_type=\"text-editor.default\">\n\t\t\t\t<div class=\"elementor-widget-container\">\n\t\t\t\t\t\t\t\t\t<p><strong>Jutta Weber<\/strong><br \/>Gesch\u00e4ftsf\u00fchrung<\/p>\t\t\t\t\t\t\t\t<\/div>\n\t\t\t\t<\/div>\n\t\t\t\t\t<\/div>\n\t\t<\/div>\n\t\t\t\t\t<\/div>\n\t\t<\/section>\n\t\t\t\t\t<\/div>\n\t\t<\/div>\n\t\t\t\t\t<\/div>\n\t\t<\/section>\n\t\t\t\t<\/div>\n\t\t","protected":false},"excerpt":{"rendered":"<p>\u00dcber EMA Gesch\u00e4ftsf\u00fchrung Jutta WeberGesch\u00e4ftsf\u00fchrung<\/p>\n","protected":false},"author":1,"featured_media":0,"parent":0,"menu_order":0,"comment_status":"closed","ping_status":"closed","template":"","meta":{"_acf_changed":false,"footnotes":""},"class_list":["post-130","page","type-page","status-publish","hentry"],"acf":[],"_links":{"self":[{"href":"https:\/\/www.ema-energie.de\/de\/wp-json\/wp\/v2\/pages\/130","targetHints":{"allow":["GET"]}}],"collection":[{"href":"https:\/\/www.ema-energie.de\/de\/wp-json\/wp\/v2\/pages"}],"about":[{"href":"https:\/\/www.ema-energie.de\/de\/wp-json\/wp\/v2\/types\/page"}],"author":[{"embeddable":true,"href":"https:\/\/www.ema-energie.de\/de\/wp-json\/wp\/v2\/users\/1"}],"replies":[{"embeddable":true,"href":"https:\/\/www.ema-energie.de\/de\/wp-json\/wp\/v2\/comments?post=130"}],"version-history":[{"count":18,"href":"https:\/\/www.ema-energie.de\/de\/wp-json\/wp\/v2\/pages\/130\/revisions"}],"predecessor-version":[{"id":1302,"href":"https:\/\/www.ema-energie.de\/de\/wp-json\/wp\/v2\/pages\/130\/revisions\/1302"}],"wp:attachment":[{"href":"https:\/\/www.ema-energie.de\/de\/wp-json\/wp\/v2\/media?parent=130"}],"curies":[{"name":"wp","href":"https:\/\/api.w.org\/{rel}","templated":true}]}}